{"id":135,"date":"2024-03-28T09:54:13","date_gmt":"2024-03-28T09:54:13","guid":{"rendered":"http:\/\/www.percin.net.tr\/?page_id=135"},"modified":"2024-04-02T10:41:23","modified_gmt":"2024-04-02T10:41:23","slug":"iletisim","status":"publish","type":"page","link":"https:\/\/www.percin.net.tr\/?page_id=135","title":{"rendered":"\u0130leti\u015fim"},"content":{"rendered":"<div class=\"\" style=\"\" >\n    \n    <section class=\"u-clearfix u-white u-section-2\" id=\"carousel_59c1\">\n      <div class=\"u-clearfix u-sheet u-sheet-1\">\n        <div class=\"u-expanded-width-xs u-opacity u-opacity-75 u-palette-5-light-2 u-shape u-shape-rectangle u-shape-1\" data-animation-name=\"customAnimationIn\" data-animation-duration=\"1500\" data-animation-delay=\"500\"><\/div>\n        <div class=\"u-grey-25 u-shape u-shape-rectangle u-shape-2\" data-animation-name=\"customAnimationIn\" data-animation-duration=\"1500\" data-animation-delay=\"0\"><\/div>\n        <div class=\"data-layout-selected u-clearfix u-gutter-10 u-layout-wrap u-layout-wrap-1\">\n          <div class=\"u-gutter-0 u-layout\">\n            <div class=\"u-layout-row\">\n              <div class=\"u-align-left u-container-style u-layout-cell u-left-cell u-size-28-lg u-size-28-xl u-size-60-md u-size-60-sm u-size-60-xs u-layout-cell-1\" data-animation-name=\"customAnimationIn\" data-animation-duration=\"1750\" data-animation-delay=\"500\">\n                <div class=\"u-container-layout u-container-layout-1\">\n                  <h2 class=\"u-align-left u-text u-text-custom-color-1 u-text-1\">\u0130leti\u015fim<\/h2>\n                  <p class=\"u-align-left u-text u-text-2\"> \u0130stanbul Anadolu Yakas\u0131 Fabrika Depo&nbsp;<br>\n                    <br>Ramazano\u011flu mahallesi Kar\u015f\u0131 Ge\u00e7it sokak Hisar Sanayi Sitesi No:1 Pendik\/\u0130stanbul<br>\n                    <br>\n                    <br>\n                  <\/p>\n                  <a href=\"tel:0 216 377 09 90\" class=\"u-btn u-btn-rectangle u-button-style u-btn-1\"><span class=\"u-icon\"><svg class=\"u-svg-content\" viewBox=\"0 0 405.333 405.333\" x=\"0px\" y=\"0px\" style=\"width: 1em; height: 1em;\"><path d=\"M373.333,266.88c-25.003,0-49.493-3.904-72.704-11.563c-11.328-3.904-24.192-0.896-31.637,6.699l-46.016,34.752    c-52.8-28.181-86.592-61.952-114.389-114.368l33.813-44.928c8.512-8.512,11.563-20.971,7.915-32.64    C142.592,81.472,138.667,56.96,138.667,32c0-17.643-14.357-32-32-32H32C14.357,0,0,14.357,0,32    c0,205.845,167.488,373.333,373.333,373.333c17.643,0,32-14.357,32-32V298.88C405.333,281.237,390.976,266.88,373.333,266.88z\"><\/path><\/svg><\/span>&nbsp;+ <span style=\"font-size: 1.25rem;\"><\/span>90 216 377 09 90\n                  <\/a>\n                  <div class=\"custom-expanded u-form u-form-1\">\n                    <form action=\"https:\/\/forms.nicepagesrv.com\/v2\/form\/process\" class=\"u-clearfix u-form-spacing-20 u-form-vertical u-inner-form\" source=\"email\" name=\"form\" style=\"padding: 10px;\">\n                      <div class=\"u-form-group u-form-name u-label-none\">\n                        <label for=\"name-3434\" class=\"u-label\" wfd-invisible=\"true\">Name<\/label>\n                        <input type=\"text\" placeholder=\"Ad Soyad\" id=\"name-3434\" name=\"name\" class=\"u-border-none u-grey-10 u-input u-input-rectangle\" required=\"\">\n                      <\/div>\n                      <div class=\"u-form-email u-form-group u-label-none\">\n                        <label for=\"email-3434\" class=\"u-label\" wfd-invisible=\"true\">Email<\/label>\n                        <input type=\"email\" placeholder=\"Mail Adresiniz\" id=\"email-3434\" name=\"email\" class=\"u-border-none u-grey-10 u-input u-input-rectangle\" required=\"\">\n                      <\/div>\n                      <div class=\"u-form-group u-form-message u-label-none\">\n                        <label for=\"message-3434\" class=\"u-label\" wfd-invisible=\"true\">Message<\/label>\n                        <textarea placeholder=\"Mesaj\u0131n\u0131z\u0131 Giriniz.\" rows=\"4\" cols=\"50\" id=\"message-3434\" name=\"message\" class=\"u-border-none u-grey-10 u-input u-input-rectangle\" required=\"\"><\/textarea>\n                      <\/div>\n                      <div class=\"u-align-left u-form-group u-form-submit u-label-none\">\n                        <a href=\"#\" class=\"u-border-none u-btn u-btn-submit u-button-style u-custom-color-1 u-btn-2\">G\u00f6nder <\/a>\n                        <input type=\"submit\" value=\"submit\" class=\"u-form-control-hidden\" wfd-invisible=\"true\">\n                      <\/div>\n                      <div class=\"u-form-send-message u-form-send-success\" wfd-invisible=\"true\"> Thank you! Your message has been sent. <\/div>\n                      <div class=\"u-form-send-error u-form-send-message\" wfd-invisible=\"true\"> Unable to send your message. Please fix errors then try again. <\/div>\n                      <input type=\"hidden\" value=\"\" name=\"recaptchaResponse\" wfd-invisible=\"true\">\n                      <input type=\"hidden\" name=\"formServices\" value=\"da96700b-0b56-54ba-903b-4f0e109843c5\">\n                    <\/form>\n                  <\/div>\n                <\/div>\n              <\/div>\n              <div class=\"u-align-left u-container-style u-layout-cell u-right-cell u-size-32-lg u-size-32-xl u-size-60-md u-size-60-sm u-size-60-xs u-layout-cell-2\" data-animation-name=\"customAnimationIn\" data-animation-duration=\"1500\" data-animation-delay=\"500\">\n                <div class=\"u-container-layout\">\n                  <div class=\"u-align-left u-expanded u-grey-10 u-map\">\n                    <div class=\"embed-responsive\">\n                      <iframe class=\"embed-responsive-item\" src=\"https:\/\/maps.google.com\/maps?output=embed&amp;q=Ramazano%C4%9Flu%20mahallesi%20Kar%C5%9F%C4%B1%20Ge%C3%A7it%20sokak%20Hisar%20Sanayi%20Sitesi%20No%3A1%20Pendik%2F%C4%B0stanbul&amp;t=m\" data-map=\"JTdCJTIycG9zaXRpb25UeXBlJTIyJTNBJTIybWFwLWFkZHJlc3MlMjIlMkMlMjJhZGRyZXNzJTIyJTNBJTIyUmFtYXphbm8lQzQlOUZsdSUyMG1haGFsbGVzaSUyMEthciVDNSU5RiVDNCVCMSUyMEdlJUMzJUE3aXQlMjBzb2thayUyMEhpc2FyJTIwU2FuYXlpJTIwU2l0ZXNpJTIwTm8lM0ExJTIwUGVuZGlrJTJGJUM0JUIwc3RhbmJ1bCUyMiUyQyUyMnpvb20lMjIlM0FudWxsJTJDJTIydHlwZUlkJTIyJTNBJTIycm9hZCUyMiUyQyUyMmxhbmclMjIlM0FudWxsJTJDJTIyYXBpS2V5JTIyJTNBbnVsbCUyQyUyMm1hcmtlcnMlMjIlM0ElNUIlNUQlN0Q=\"><\/iframe>\n                    <\/div>\n                  <\/div>\n                <\/div>\n              <\/div>\n            <\/div>\n          <\/div>\n        <\/div>\n      <\/div>\n    <\/section>\n    \n    \n    \n    \n  \n<\/div>","protected":false},"excerpt":{"rendered":"<p>\u0130leti\u015fim \u0130stanbul Anadolu Yakas\u0131 Fabrika Depo&nbsp; Ramazano\u011flu mahallesi Kar\u015f\u0131 Ge\u00e7it sokak Hisar Sanayi Sitesi No:1 Pendik\/\u0130stanbul &nbsp;+ 90 216 377 09 90 Name Email Message G\u00f6nder Thank you! Your message has been sent. Unable to send your message. Please fix errors then try again.<\/p>\n","protected":false},"author":2,"featured_media":0,"parent":0,"menu_order":0,"comment_status":"closed","ping_status":"closed","template":"","meta":{"footnotes":""},"class_list":["post-135","page","type-page","status-publish","hentry"],"_links":{"self":[{"href":"https:\/\/www.percin.net.tr\/index.php?rest_route=\/wp\/v2\/pages\/135","targetHints":{"allow":["GET"]}}],"collection":[{"href":"https:\/\/www.percin.net.tr\/index.php?rest_route=\/wp\/v2\/pages"}],"about":[{"href":"https:\/\/www.percin.net.tr\/index.php?rest_route=\/wp\/v2\/types\/page"}],"author":[{"embeddable":true,"href":"https:\/\/www.percin.net.tr\/index.php?rest_route=\/wp\/v2\/users\/2"}],"replies":[{"embeddable":true,"href":"https:\/\/www.percin.net.tr\/index.php?rest_route=%2Fwp%2Fv2%2Fcomments&post=135"}],"version-history":[{"count":4,"href":"https:\/\/www.percin.net.tr\/index.php?rest_route=\/wp\/v2\/pages\/135\/revisions"}],"predecessor-version":[{"id":219,"href":"https:\/\/www.percin.net.tr\/index.php?rest_route=\/wp\/v2\/pages\/135\/revisions\/219"}],"wp:attachment":[{"href":"https:\/\/www.percin.net.tr\/index.php?rest_route=%2Fwp%2Fv2%2Fmedia&parent=135"}],"curies":[{"name":"wp","href":"https:\/\/api.w.org\/{rel}","templated":true}]}}