{"id":164,"date":"2024-03-31T01:26:19","date_gmt":"2024-03-31T01:26:19","guid":{"rendered":"http:\/\/www.percin.net.tr\/?page_id=164"},"modified":"2024-04-02T13:12:41","modified_gmt":"2024-04-02T13:12:41","slug":"hakkimizda","status":"publish","type":"page","link":"https:\/\/www.percin.net.tr\/?page_id=164","title":{"rendered":"Hakk\u0131m\u0131zda"},"content":{"rendered":"<div class=\"\" style=\"\" >\n    \n    <section class=\"u-align-left u-clearfix u-custom-color-2 u-section-2\" id=\"sec-c69f\">\n      <div class=\"u-clearfix u-sheet u-valign-middle u-sheet-1\">\n        <div class=\"fr-view u-clearfix u-rich-text u-text u-text-1\">\n          <p id=\"isPasted\">\n            <span style=\"font-size: 1.875rem; font-weight: 700;\">\n              <span class=\"u-text-grey-90\">Hakk\u0131m\u0131zda<\/span>\n            <\/span>\n          <\/p>\n          <p>\n            <span class=\"u-text-grey-90\">Makrofix Ba\u011flant\u0131 Elemanlar\u0131 10 y\u0131l\u0131 a\u015fan \u00fcretimi ve sat\u0131\u015f boyunca sahip oldu\u011fu bilgi ve tecr\u00fcbeyi, siz de\u011ferli m\u00fc\u015fterileri ile payla\u015fman\u0131n heyecan\u0131n\u0131 duyar. Kuruldu\u011fu g\u00fcnden itibaren ba\u011flant\u0131 elemanlar\u0131 konusunda \u00fcretim yapan uzman kadroya sahip olan \u015firketimiz;<\/span>\n          <\/p>\n          <p>\n            <span class=\"u-text-grey-90\">Pop per\u00e7in somun per\u00e7in civata vida pul somun balata per\u00e7ini \u00f6zel vida civata ve somun imalat\u0131n\u0131 ithalat\u0131n\u0131 ve ihracat\u0131n\u0131 per\u00e7in makinesi ve haval\u0131 makine sat\u0131\u015f\u0131 tamiri tak\u0131m tezgahlar\u0131 her t\u00fcrl\u00fc h\u0131rdavat sat\u0131\u015f\u0131 kal\u0131p ve makina imalat\u0131 ve sat\u0131\u015f\u0131 yapmaktad\u0131r.<\/span>\n          <\/p>\n          <p>\n            <span class=\"u-text-grey-90\">Orta \u00f6l\u00e7ekli bir i\u015fletme olmas\u0131na ra\u011fmen kuruldu\u011fu ilk andan itibaren kaliteye verdi\u011fi \u00f6nem ve zoru ba\u015farma azmi sayesinde k\u0131sa s\u00fcrede ba\u011flant\u0131 elemanlar\u0131 sekt\u00f6r\u00fcnde tan\u0131nm\u0131\u015f ve bu ilkelerinden asla vazge\u00e7memi\u015ftir.<\/span>\n          <\/p>\n          <p>\n            <span class=\"u-text-grey-90\">Firman\u0131n de\u011fi\u015fmez prensipleri daima kalite, hizmet, zaman\u0131nda teslim ve uygun fiyat olmu\u015ftur.<\/span>\n          <\/p>\n          <p>\n            <span class=\"u-text-grey-90\">\u00dcretimde ve sat\u0131\u015fta ba\u015far\u0131 ve s\u00fcreklili\u011fin teminat\u0131 hizmette d\u00fcr\u00fcstl\u00fck ve kalitedir prensibiyle \u00e7al\u0131\u015fan Makrofix Ba\u011flant\u0131 Elemanlar\u0131, g\u00f6sterdi\u011finiz yak\u0131n ilgi ve deste\u011finizden \u00f6t\u00fcr\u00fc te\u015fekk\u00fcr ederek sizlere bug\u00fcn ve gelecekte hizmet vermeye devam edecektir.<\/span>\n          <\/p>\n          <p>\n            <span class=\"u-text-grey-90\">\n              <br>\n            <\/span>\n          <\/p>\n          <p>\n            <span style=\"font-weight: 700;\">\n              <span class=\"u-text-grey-90\">As Makrofix, we provide high customer satisfaction to our partners with our knowledge and experience of more than 10 years in the fastener industry. Makrofix has an expert staff that has been producing fasteners since the day it was founded; manufacturing, importing, and exporting pop rivets, rivet nuts, bolts, screws, washer nuts, lining rivets, special screw bolts, and nuts; It sells and repairs rivet machines and pneumatic machines, sells machine tools, all kinds of hardware, manufactures and sells molds and machinery.<\/span>\n            <\/span>\n          <\/p>\n          <p>\n            <span style=\"font-weight: 700;\">\n              <span class=\"u-text-grey-90\">&nbsp; &nbsp;Although we are a medium-sized brand, we have become a well-known company in the fasteners industry in a short time, thanks to the importance we have given to quality since the day we were founded and our ability to overcome challenging projects in the best way possible. We continue by not giving up on these principles.<\/span>\n            <\/span>\n          <\/p>\n          <p>\n            <span style=\"font-weight: 700;\">\n              <span class=\"u-text-grey-90\">&nbsp; Our unchangeable principles; are quality, service, on-time delivery, and reasonable price.<\/span>\n            <\/span>\n          <\/p>\n        <\/div>\n      <\/div>\n    <\/section>\n    \n    \n    \n    \n  \n<\/div>","protected":false},"excerpt":{"rendered":"<p>Hakk\u0131m\u0131zda Makrofix Ba\u011flant\u0131 Elemanlar\u0131 10 y\u0131l\u0131 a\u015fan \u00fcretimi ve sat\u0131\u015f boyunca sahip oldu\u011fu bilgi ve tecr\u00fcbeyi, siz de\u011ferli m\u00fc\u015fterileri ile payla\u015fman\u0131n heyecan\u0131n\u0131 duyar. Kuruldu\u011fu g\u00fcnden itibaren ba\u011flant\u0131 elemanlar\u0131 konusunda \u00fcretim yapan uzman kadroya sahip olan \u015firketimiz; Pop per\u00e7in somun per\u00e7in civata vida pul somun balata per\u00e7ini \u00f6zel vida civata ve somun imalat\u0131n\u0131 ithalat\u0131n\u0131 ve ihracat\u0131n\u0131 [&hellip;]<\/p>\n","protected":false},"author":2,"featured_media":0,"parent":0,"menu_order":0,"comment_status":"closed","ping_status":"closed","template":"","meta":{"footnotes":""},"class_list":["post-164","page","type-page","status-publish","hentry"],"_links":{"self":[{"href":"https:\/\/www.percin.net.tr\/index.php?rest_route=\/wp\/v2\/pages\/164","targetHints":{"allow":["GET"]}}],"collection":[{"href":"https:\/\/www.percin.net.tr\/index.php?rest_route=\/wp\/v2\/pages"}],"about":[{"href":"https:\/\/www.percin.net.tr\/index.php?rest_route=\/wp\/v2\/types\/page"}],"author":[{"embeddable":true,"href":"https:\/\/www.percin.net.tr\/index.php?rest_route=\/wp\/v2\/users\/2"}],"replies":[{"embeddable":true,"href":"https:\/\/www.percin.net.tr\/index.php?rest_route=%2Fwp%2Fv2%2Fcomments&post=164"}],"version-history":[{"count":2,"href":"https:\/\/www.percin.net.tr\/index.php?rest_route=\/wp\/v2\/pages\/164\/revisions"}],"predecessor-version":[{"id":167,"href":"https:\/\/www.percin.net.tr\/index.php?rest_route=\/wp\/v2\/pages\/164\/revisions\/167"}],"wp:attachment":[{"href":"https:\/\/www.percin.net.tr\/index.php?rest_route=%2Fwp%2Fv2%2Fmedia&parent=164"}],"curies":[{"name":"wp","href":"https:\/\/api.w.org\/{rel}","templated":true}]}}