{"id":220,"date":"2024-04-02T10:42:20","date_gmt":"2024-04-02T10:42:20","guid":{"rendered":"http:\/\/www.percin.net.tr\/?page_id=220"},"modified":"2024-04-02T13:19:10","modified_gmt":"2024-04-02T13:19:10","slug":"urunler","status":"publish","type":"page","link":"https:\/\/www.percin.net.tr\/?page_id=220","title":{"rendered":"\u00dcr\u00fcnler"},"content":{"rendered":"<div class=\"\" style=\"\" >\n    \n    <section class=\"u-clearfix u-grey-10 u-section-2\" id=\"sec-f776\">\n      <div class=\"u-clearfix u-sheet u-valign-middle-xs u-sheet-1\">\n        <div class=\"u-expanded-width u-list u-list-1\">\n          <div class=\"u-repeater u-repeater-1\">\n            <div class=\"u-align-center u-container-style u-list-item u-repeater-item u-shape-rectangle\">\n              <div class=\"u-container-layout u-similar-container u-container-layout-1\">\n                <div class=\"u-align-center u-border-2 u-border-grey-10 u-container-style u-custom-color-3 u-expanded-width u-group u-shape-rectangle u-group-1\">\n                  <div class=\"u-container-layout u-valign-middle\">\n                    <h3 class=\"u-text u-text-default u-text-1\"> Balata ve Debriyaj Per\u00e7inleri<\/h3>\n                  <\/div>\n                <\/div>\n                <img decoding=\"async\" alt=\"\" class=\"custom-expanded u-hover-feature u-hover-palette-2-base u-image u-image-default u-image-1\" data-image-width=\"348\" data-image-height=\"255\" src=\"https:\/\/www.percin.net.tr\/wp-content\/uploads\/2024\/04\/Big_dc5c314c-57fe-4cc4-9dd8-e21dd099b8f6.jpg\" data-href=\"https:\/\/www.percin.net.tr\/?page_id=246\" title=\"Balata ve Debriyaj Per\u00e7inleri\">\n                <p class=\"u-text u-text-2\">\u00dcr\u00fcnlerimizi incelemek ve detayl\u0131 bilgi almak i\u00e7in bize ula\u015fabilirsiniz <\/p>\n                <a href=\"https:\/\/www.percin.net.tr\/?page_id=246\" class=\"u-align-left u-border-none u-btn u-button-style u-custom-color-3 u-hover-palette-1-dark-1 u-btn-1\">DETAYLI B\u0130LG\u0130 <\/a>\n              <\/div>\n            <\/div>\n            <div class=\"u-align-center u-container-style u-list-item u-repeater-item u-shape-rectangle\">\n              <div class=\"u-container-layout u-similar-container u-container-layout-3\">\n                <div class=\"u-align-center u-border-2 u-border-grey-10 u-container-style u-custom-color-3 u-expanded-width u-group u-shape-rectangle u-group-2\">\n                  <div class=\"u-container-layout u-valign-middle\">\n                    <h3 class=\"u-text u-text-default u-text-3\">Dolu Per\u00e7in<\/h3>\n                  <\/div>\n                <\/div>\n                <img decoding=\"async\" alt=\"\" class=\"custom-expanded u-hover-feature u-hover-palette-2-base u-image u-image-default u-image-2\" data-image-width=\"348\" data-image-height=\"255\" src=\"https:\/\/www.percin.net.tr\/wp-content\/uploads\/2024\/04\/Big_834f5448-64e8-475a-af46-a2b0f4e97a03.jpg\" data-href=\"https:\/\/www.percin.net.tr\/?page_id=270\" title=\"Dolu Per\u00e7in\">\n                <p class=\"u-text u-text-4\"> \u00dcr\u00fcnlerimizi incelemek ve detayl\u0131 bilgi almak i\u00e7in bize ula\u015fabilirsiniz <\/p>\n                <a href=\"https:\/\/www.percin.net.tr\/?page_id=270\" class=\"u-align-left u-btn u-button-style u-custom-color-3 u-hover-palette-1-dark-1 u-btn-2\"> DETAYLI B\u0130LG\u0130 <\/a>\n              <\/div>\n            <\/div>\n            <div class=\"u-align-center u-container-style u-list-item u-repeater-item u-shape-rectangle\">\n              <div class=\"u-container-layout u-similar-container u-container-layout-5\">\n                <div class=\"u-align-center u-border-2 u-border-grey-10 u-container-style u-custom-color-3 u-expanded-width u-group u-shape-rectangle u-group-3\">\n                  <div class=\"u-container-layout u-valign-middle\">\n                    <h3 class=\"u-text u-text-default u-text-5\">Somun Civata<\/h3>\n                  <\/div>\n                <\/div>\n                <img decoding=\"async\" alt=\"\" class=\"custom-expanded u-hover-feature u-hover-palette-2-base u-image u-image-default u-image-3\" data-image-width=\"348\" data-image-height=\"255\" src=\"https:\/\/www.percin.net.tr\/wp-content\/uploads\/2024\/04\/Big_895c8d4f-d9df-4493-8484-eecf9cfd0442.jpg\" data-href=\"https:\/\/www.percin.net.tr\/?page_id=273\" title=\"Somun Civata\">\n                <p class=\"u-text u-text-6\"> \u00dcr\u00fcnlerimizi incelemek ve detayl\u0131 bilgi almak i\u00e7in bize ula\u015fabilirsiniz <\/p>\n                <a href=\"https:\/\/www.percin.net.tr\/?page_id=276\" class=\"u-align-left u-btn u-button-style u-custom-color-3 u-hover-palette-1-dark-1 u-btn-3\"> DETAYLI B\u0130LG\u0130 <\/a>\n              <\/div>\n            <\/div>\n            <div class=\"u-align-center u-container-style u-list-item u-repeater-item u-shape-rectangle\">\n              <div class=\"u-container-layout u-similar-container u-container-layout-7\">\n                <div class=\"u-align-center u-border-2 u-border-grey-10 u-container-style u-custom-color-3 u-expanded-width u-group u-shape-rectangle u-group-4\">\n                  <div class=\"u-container-layout u-valign-middle\">\n                    <h3 class=\"u-text u-text-default u-text-7\">Pop Per\u00e7in <\/h3>\n                  <\/div>\n                <\/div>\n                <img decoding=\"async\" alt=\"\" class=\"custom-expanded u-hover-feature u-hover-palette-2-base u-image u-image-default u-image-4\" data-image-width=\"348\" data-image-height=\"255\" src=\"https:\/\/www.percin.net.tr\/wp-content\/uploads\/2024\/04\/Big_d26d33f3-5ad7-4fe4-a539-dab7644b98fc.jpg\" data-href=\"https:\/\/www.percin.net.tr\/?page_id=276\" title=\"Pop Per\u00e7in\">\n                <p class=\"u-text u-text-8\"> \u00dcr\u00fcnlerimizi incelemek ve detayl\u0131 bilgi almak i\u00e7in bize ula\u015fabilirsiniz <\/p>\n                <a href=\"\" class=\"u-align-left u-btn u-button-style u-custom-color-3 u-hover-palette-1-dark-1 u-btn-4\"> DETAYLI B\u0130LG\u0130 <\/a>\n              <\/div>\n            <\/div>\n            <div class=\"u-align-center u-container-style u-list-item u-repeater-item u-shape-rectangle\">\n              <div class=\"u-container-layout u-similar-container u-container-layout-9\">\n                <div class=\"u-align-center u-border-2 u-border-grey-10 u-container-style u-custom-color-3 u-expanded-width u-group u-shape-rectangle u-group-5\">\n                  <div class=\"u-container-layout u-valign-middle\">\n                    <h3 class=\"u-text u-text-default u-text-9\">Yar\u0131m Delikli Per\u00e7in<\/h3>\n                  <\/div>\n                <\/div>\n                <img decoding=\"async\" alt=\"\" class=\"custom-expanded u-hover-feature u-hover-palette-2-base u-image u-image-default u-image-5\" data-image-width=\"348\" data-image-height=\"255\" src=\"https:\/\/www.percin.net.tr\/wp-content\/uploads\/2024\/04\/Big_095b0606-5690-4e92-9c56-adcb044cafc0.jpg\" data-href=\"https:\/\/www.percin.net.tr\/?page_id=279\" title=\"Yar\u0131m Delikli Per\u00e7in\">\n                <p class=\"u-text u-text-10\"> \u00dcr\u00fcnlerimizi incelemek ve detayl\u0131 bilgi almak i\u00e7in bize ula\u015fabilirsiniz <\/p>\n                <a href=\"https:\/\/www.percin.net.tr\/?page_id=279\" class=\"u-align-left u-btn u-button-style u-custom-color-3 u-hover-palette-1-dark-1 u-btn-5\"> DETAYLI B\u0130LG\u0130 <\/a>\n              <\/div>\n            <\/div>\n            <div class=\"u-align-center u-container-style u-list-item u-repeater-item u-shape-rectangle\">\n              <div class=\"u-container-layout u-similar-container u-container-layout-11\">\n                <div class=\"u-align-center u-border-2 u-border-grey-10 u-container-style u-custom-color-3 u-expanded-width u-group u-shape-rectangle u-group-6\">\n                  <div class=\"u-container-layout u-valign-middle\">\n                    <h3 class=\"u-text u-text-default u-text-11\">Krom \u015eapkal\u0131 Per\u00e7in<\/h3>\n                  <\/div>\n                <\/div>\n                <img decoding=\"async\" alt=\"\" class=\"custom-expanded u-hover-feature u-hover-palette-2-base u-image u-image-default u-image-6\" data-image-width=\"348\" data-image-height=\"255\" src=\"https:\/\/www.percin.net.tr\/wp-content\/uploads\/2024\/04\/Big_c4ab6ef9-4f02-41fb-a805-a17965256186.jpg\" data-href=\"https:\/\/www.percin.net.tr\/?page_id=282\" title=\"Krom \u015eapkal\u0131 Per\u00e7in\">\n                <p class=\"u-text u-text-12\"> \u00dcr\u00fcnlerimizi incelemek ve detayl\u0131 bilgi almak i\u00e7in bize ula\u015fabilirsiniz <\/p>\n                <a href=\"https:\/\/www.percin.net.tr\/?page_id=282\" class=\"u-align-left u-btn u-button-style u-custom-color-3 u-hover-palette-1-dark-1 u-btn-6\"> DETAYLI B\u0130LG\u0130 <\/a>\n              <\/div>\n            <\/div>\n            <div class=\"u-align-center u-container-style u-list-item u-repeater-item u-shape-rectangle\">\n              <div class=\"u-container-layout u-similar-container u-container-layout-13\">\n                <div class=\"u-align-center u-border-2 u-border-grey-10 u-container-style u-custom-color-3 u-expanded-width u-group u-shape-rectangle u-group-7\">\n                  <div class=\"u-container-layout u-valign-middle\">\n                    <h3 class=\"u-text u-text-default u-text-13\">Katminyum Per\u00e7in<\/h3>\n                  <\/div>\n                <\/div>\n                <img decoding=\"async\" alt=\"\" class=\"custom-expanded u-hover-feature u-hover-palette-2-base u-image u-image-default u-image-7\" data-image-width=\"348\" data-image-height=\"255\" src=\"https:\/\/www.percin.net.tr\/wp-content\/uploads\/2024\/04\/Big_48e91b91-4f64-4ce2-ac22-3bcfe3e7d716.jpg\" data-href=\"https:\/\/www.percin.net.tr\/?page_id=285\" title=\"Katminyum Per\u00e7in\">\n                <p class=\"u-text u-text-14\"> \u00dcr\u00fcnlerimizi incelemek ve detayl\u0131 bilgi almak i\u00e7in bize ula\u015fabilirsiniz <\/p>\n                <a href=\"https:\/\/www.percin.net.tr\/?page_id=285\" class=\"u-align-left u-btn u-button-style u-custom-color-3 u-hover-palette-1-dark-1 u-btn-7\"> DETAYLI B\u0130LG\u0130 <\/a>\n              <\/div>\n            <\/div>\n            <div class=\"u-align-center u-container-style u-list-item u-repeater-item u-shape-rectangle\">\n              <div class=\"u-container-layout u-similar-container u-container-layout-15\">\n                <div class=\"u-align-center u-border-2 u-border-grey-10 u-container-style u-custom-color-3 u-expanded-width u-group u-shape-rectangle u-group-8\">\n                  <div class=\"u-container-layout u-valign-middle\">\n                    <h3 class=\"u-text u-text-default u-text-15\">Pul<\/h3>\n                  <\/div>\n                <\/div>\n                <img decoding=\"async\" alt=\"\" class=\"custom-expanded u-hover-feature u-hover-palette-2-base u-image u-image-default u-image-8\" data-image-width=\"348\" data-image-height=\"255\" src=\"https:\/\/www.percin.net.tr\/wp-content\/uploads\/2024\/04\/4bf1e959-2516-4f69-805a-11fdff8dc0fc.jpg\" data-href=\"https:\/\/www.percin.net.tr\/?page_id=288\" title=\"Pul\">\n                <p class=\"u-text u-text-16\"> \u00dcr\u00fcnlerimizi incelemek ve detayl\u0131 bilgi almak i\u00e7in bize ula\u015fabilirsiniz <\/p>\n                <a href=\"https:\/\/www.percin.net.tr\/?page_id=288\" class=\"u-align-left u-btn u-button-style u-custom-color-3 u-hover-palette-1-dark-1 u-btn-8\"> DETAYLI B\u0130LG\u0130 <\/a>\n              <\/div>\n            <\/div>\n            <div class=\"u-align-center u-container-style u-list-item u-repeater-item u-shape-rectangle\">\n              <div class=\"u-container-layout u-similar-container u-container-layout-17\">\n                <div class=\"u-align-center u-border-2 u-border-grey-10 u-container-style u-custom-color-3 u-expanded-width u-group u-shape-rectangle u-group-9\">\n                  <div class=\"u-container-layout u-valign-middle\">\n                    <h3 class=\"u-text u-text-default u-text-17\">Civata<\/h3>\n                  <\/div>\n                <\/div>\n                <img decoding=\"async\" alt=\"\" class=\"custom-expanded u-hover-feature u-hover-palette-2-base u-image u-image-default u-image-9\" data-image-width=\"348\" data-image-height=\"255\" src=\"https:\/\/www.percin.net.tr\/wp-content\/uploads\/2024\/04\/4a29d4e3-d0ba-421d-8388-cb02928abad0.jpg\" data-href=\"https:\/\/www.percin.net.tr\/?page_id=291\" title=\"Civata\">\n                <p class=\"u-text u-text-18\"> \u00dcr\u00fcnlerimizi incelemek ve detayl\u0131 bilgi almak i\u00e7in bize ula\u015fabilirsiniz <\/p>\n                <a href=\"https:\/\/www.percin.net.tr\/?page_id=291\" class=\"u-align-left u-btn u-button-style u-custom-color-3 u-hover-palette-1-dark-1 u-btn-9\"> DETAYLI B\u0130LG\u0130 <\/a>\n              <\/div>\n            <\/div>\n            <div class=\"u-align-center u-container-style u-list-item u-repeater-item u-shape-rectangle\">\n              <div class=\"u-container-layout u-similar-container u-container-layout-19\">\n                <div class=\"u-align-center u-border-2 u-border-grey-10 u-container-style u-custom-color-3 u-expanded-width u-group u-shape-rectangle u-group-10\">\n                  <div class=\"u-container-layout u-valign-middle\">\n                    <h3 class=\"u-text u-text-default u-text-19\">Vida<\/h3>\n                  <\/div>\n                <\/div>\n                <img decoding=\"async\" alt=\"\" class=\"custom-expanded u-hover-feature u-hover-palette-2-base u-image u-image-default u-image-10\" data-image-width=\"348\" data-image-height=\"255\" src=\"https:\/\/www.percin.net.tr\/wp-content\/uploads\/2024\/04\/Big_72f6ee67-75a0-423a-9b3b-561cdd967c36.jpg\" data-href=\"https:\/\/www.percin.net.tr\/?page_id=294\" title=\"Vida\">\n                <p class=\"u-text u-text-20\"> \u00dcr\u00fcnlerimizi incelemek ve detayl\u0131 bilgi almak i\u00e7in bize ula\u015fabilirsiniz <\/p>\n                <a href=\"https:\/\/www.percin.net.tr\/?page_id=294\" class=\"u-align-left u-btn u-button-style u-custom-color-3 u-hover-palette-1-dark-1 u-btn-10\"> DETAYLI B\u0130LG\u0130 <\/a>\n              <\/div>\n            <\/div>\n            <div class=\"u-align-center u-container-style u-list-item u-repeater-item u-shape-rectangle\">\n              <div class=\"u-container-layout u-similar-container u-container-layout-21\">\n                <div class=\"u-align-center u-border-2 u-border-grey-10 u-container-style u-custom-color-3 u-expanded-width u-group u-shape-rectangle u-group-11\">\n                  <div class=\"u-container-layout u-valign-middle\">\n                    <h3 class=\"u-text u-text-default u-text-21\">\u00d6zel \u00dcr\u00fcnler<\/h3>\n                  <\/div>\n                <\/div>\n                <img decoding=\"async\" alt=\"\" class=\"custom-expanded u-hover-feature u-hover-palette-2-base u-image u-image-default u-image-11\" data-image-width=\"348\" data-image-height=\"255\" src=\"https:\/\/www.percin.net.tr\/wp-content\/uploads\/2024\/04\/Big_48e91b91-4f64-4ce2-ac22-3bcfe3e7d716.jpg\" data-href=\"https:\/\/www.percin.net.tr\/?page_id=297\" title=\"\u00d6zel \u00dcr\u00fcnler\">\n                <p class=\"u-text u-text-22\"> \u00dcr\u00fcnlerimizi incelemek ve detayl\u0131 bilgi almak i\u00e7in bize ula\u015fabilirsiniz <\/p>\n                <a href=\"https:\/\/www.percin.net.tr\/?page_id=297\" class=\"u-align-left u-btn u-button-style u-custom-color-3 u-hover-palette-1-dark-1 u-btn-11\"> DETAYLI B\u0130LG\u0130 <\/a>\n              <\/div>\n            <\/div>\n            <div class=\"u-align-center u-container-style u-list-item u-repeater-item u-shape-rectangle\">\n              <div class=\"u-container-layout u-similar-container u-container-layout-23\">\n                <div class=\"u-align-center u-border-2 u-border-grey-10 u-container-style u-custom-color-3 u-expanded-width u-group u-shape-rectangle u-group-12\">\n                  <div class=\"u-container-layout u-valign-middle\">\n                    <h3 class=\"u-text u-text-default u-text-23\">D\u00fcz Ba\u015fl\u0131 Standart Per\u00e7inler<\/h3>\n                  <\/div>\n                <\/div>\n                <img decoding=\"async\" alt=\"\" class=\"custom-expanded u-hover-feature u-hover-palette-2-base u-image u-image-default u-image-12\" data-image-width=\"569\" data-image-height=\"569\" src=\"https:\/\/www.percin.net.tr\/wp-content\/uploads\/2024\/04\/Big_1ad082de-7208-465c-9551-00dbc83e06d9.jpg\" data-href=\"https:\/\/www.percin.net.tr\/?page_id=300\" title=\"D\u00fcz Ba\u015fl\u0131 Standart Per\u00e7inler\">\n                <p class=\"u-text u-text-24\"> \u00dcr\u00fcnlerimizi incelemek ve detayl\u0131 bilgi almak i\u00e7in bize ula\u015fabilirsiniz <\/p>\n                <a href=\"https:\/\/www.percin.net.tr\/?page_id=300\" class=\"u-align-left u-btn u-button-style u-custom-color-3 u-hover-palette-1-dark-1 u-btn-12\"> DETAYLI B\u0130LG\u0130 <\/a>\n              <\/div>\n            <\/div>\n          <\/div>\n        <\/div>\n      <\/div>\n      \n      \n      \n      \n      \n      \n      \n      \n      \n      \n      \n      \n      \n      \n      \n      \n    <\/section>\n    \n    \n    \n    \n  \n<\/div>","protected":false},"excerpt":{"rendered":"<p>Balata ve Debriyaj Per\u00e7inleri \u00dcr\u00fcnlerimizi incelemek ve detayl\u0131 bilgi almak i\u00e7in bize ula\u015fabilirsiniz DETAYLI B\u0130LG\u0130 Dolu Per\u00e7in \u00dcr\u00fcnlerimizi incelemek ve detayl\u0131 bilgi almak i\u00e7in bize ula\u015fabilirsiniz DETAYLI B\u0130LG\u0130 Somun Civata \u00dcr\u00fcnlerimizi incelemek ve detayl\u0131 bilgi almak i\u00e7in bize ula\u015fabilirsiniz DETAYLI B\u0130LG\u0130 Pop Per\u00e7in \u00dcr\u00fcnlerimizi incelemek ve detayl\u0131 bilgi almak i\u00e7in bize ula\u015fabilirsiniz DETAYLI B\u0130LG\u0130 Yar\u0131m [&hellip;]<\/p>\n","protected":false},"author":2,"featured_media":0,"parent":0,"menu_order":0,"comment_status":"closed","ping_status":"closed","template":"","meta":{"footnotes":""},"class_list":["post-220","page","type-page","status-publish","hentry"],"_links":{"self":[{"href":"https:\/\/www.percin.net.tr\/index.php?rest_route=\/wp\/v2\/pages\/220","targetHints":{"allow":["GET"]}}],"collection":[{"href":"https:\/\/www.percin.net.tr\/index.php?rest_route=\/wp\/v2\/pages"}],"about":[{"href":"https:\/\/www.percin.net.tr\/index.php?rest_route=\/wp\/v2\/types\/page"}],"author":[{"embeddable":true,"href":"https:\/\/www.percin.net.tr\/index.php?rest_route=\/wp\/v2\/users\/2"}],"replies":[{"embeddable":true,"href":"https:\/\/www.percin.net.tr\/index.php?rest_route=%2Fwp%2Fv2%2Fcomments&post=220"}],"version-history":[{"count":6,"href":"https:\/\/www.percin.net.tr\/index.php?rest_route=\/wp\/v2\/pages\/220\/revisions"}],"predecessor-version":[{"id":245,"href":"https:\/\/www.percin.net.tr\/index.php?rest_route=\/wp\/v2\/pages\/220\/revisions\/245"}],"wp:attachment":[{"href":"https:\/\/www.percin.net.tr\/index.php?rest_route=%2Fwp%2Fv2%2Fmedia&parent=220"}],"curies":[{"name":"wp","href":"https:\/\/api.w.org\/{rel}","templated":true}]}}