{"id":282,"date":"2024-04-02T11:41:21","date_gmt":"2024-04-02T11:41:21","guid":{"rendered":"http:\/\/www.percin.net.tr\/?page_id=282"},"modified":"2024-04-04T09:14:58","modified_gmt":"2024-04-04T09:14:58","slug":"krom-sapkali-percin","status":"publish","type":"page","link":"https:\/\/www.percin.net.tr\/?page_id=282","title":{"rendered":"Krom \u015eapkal\u0131 Per\u00e7in"},"content":{"rendered":"<div class=\"\" style=\"\" >\n    \n    <section class=\"u-clearfix u-grey-10 u-section-2\" id=\"sec-cd2f\">\n      <div class=\"u-clearfix u-sheet u-valign-middle u-sheet-1\">\n        <div class=\"data-layout-selected u-clearfix u-expanded-width u-gutter-0 u-layout-wrap u-layout-wrap-1\">\n          <div class=\"u-layout\" style=\"\">\n            <div class=\"u-layout-row\" style=\"\">\n              <div class=\"u-align-left u-container-style u-layout-cell u-left-cell u-size-32 u-size-xs-60 u-layout-cell-1\" src=\"\">\n                <div class=\"u-container-layout u-container-layout-1\" src=\"\">\n                  <div class=\"u-carousel u-expanded-width u-gallery u-layout-thumbnails u-lightbox u-no-transition u-show-text-always u-thumbnails-position-right u-gallery-1\" id=\"carousel-83c7\" data-interval=\"5000\" data-u-ride=\"carousel\">\n                    <div class=\"u-carousel-inner u-gallery-inner\" role=\"listbox\">\n                      <div class=\"u-active u-carousel-item u-gallery-item u-carousel-item-1\">\n                        <div class=\"u-back-slide\" data-image-width=\"1152\" data-image-height=\"2048\">\n                          <img decoding=\"async\" class=\"u-back-image u-expanded u-back-image-1\" src=\"https:\/\/www.percin.net.tr\/wp-content\/uploads\/2024\/04\/WhatsAppImage2024-04-03at10.55.15PM.jpeg\">\n                        <\/div>\n                        <div class=\"u-over-slide u-over-slide-1\">\n                          <h3 class=\"u-gallery-heading\">Sample Title<\/h3>\n                          <p class=\"u-gallery-text\">Sample Text<\/p>\n                        <\/div>\n                      <\/div>\n                      <div class=\"u-carousel-item u-gallery-item u-carousel-item-2\" data-image-width=\"1152\" data-image-height=\"2048\">\n                        <div class=\"u-back-slide\">\n                          <img decoding=\"async\" class=\"u-back-image u-expanded u-back-image-2\" src=\"https:\/\/www.percin.net.tr\/wp-content\/uploads\/2024\/04\/WhatsAppImage2024-04-03at10.55.16PM2.jpeg\">\n                        <\/div>\n                        <div class=\"u-over-slide u-over-slide-2\"><\/div>\n                        <style data-mode=\"XL\"><\/style>\n                        <style data-mode=\"LG\"><\/style>\n                        <style data-mode=\"MD\"><\/style>\n                        <style data-mode=\"SM\"><\/style>\n                        <style data-mode=\"XS\"><\/style>\n                      <\/div>\n                      <div class=\"u-carousel-item u-gallery-item u-carousel-item-3\" data-image-width=\"1152\" data-image-height=\"2048\">\n                        <div class=\"u-back-slide\">\n                          <img decoding=\"async\" class=\"u-back-image u-expanded u-back-image-3\" src=\"https:\/\/www.percin.net.tr\/wp-content\/uploads\/2024\/04\/WhatsAppImage2024-04-03at10.55.16PM1.jpeg\">\n                        <\/div>\n                        <div class=\"u-over-slide u-over-slide-3\"><\/div>\n                        <style data-mode=\"XL\"><\/style>\n                        <style data-mode=\"LG\"><\/style>\n                        <style data-mode=\"MD\"><\/style>\n                        <style data-mode=\"SM\"><\/style>\n                        <style data-mode=\"XS\"><\/style>\n                      <\/div>\n                      <div class=\"u-carousel-item u-gallery-item u-carousel-item-4\" data-image-width=\"1152\" data-image-height=\"2048\">\n                        <div class=\"u-back-slide\">\n                          <img decoding=\"async\" class=\"u-back-image u-expanded u-back-image-4\" src=\"https:\/\/www.percin.net.tr\/wp-content\/uploads\/2024\/04\/WhatsAppImage2024-04-03at10.55.16PM.jpeg\">\n                        <\/div>\n                        <div class=\"u-over-slide u-over-slide-4\"><\/div>\n                        <style data-mode=\"XL\"><\/style>\n                        <style data-mode=\"LG\"><\/style>\n                        <style data-mode=\"MD\"><\/style>\n                        <style data-mode=\"SM\"><\/style>\n                        <style data-mode=\"XS\"><\/style>\n                      <\/div>\n                    <\/div>\n                    <a class=\"u-absolute-vcenter u-carousel-control u-carousel-control-prev u-grey-70 u-icon-circle u-opacity u-opacity-70 u-spacing-10 u-text-white u-carousel-control-1\" href=\"#carousel-83c7\" role=\"button\" data-u-slide=\"prev\">\n                      <span aria-hidden=\"true\">\n                        <svg viewBox=\"0 0 451.847 451.847\"><path d=\"M97.141,225.92c0-8.095,3.091-16.192,9.259-22.366L300.689,9.27c12.359-12.359,32.397-12.359,44.751,0\nc12.354,12.354,12.354,32.388,0,44.748L173.525,225.92l171.903,171.909c12.354,12.354,12.354,32.391,0,44.744\nc-12.354,12.365-32.386,12.365-44.745,0l-194.29-194.281C100.226,242.115,97.141,234.018,97.141,225.92z\"><\/path><\/svg>\n                      <\/span>\n                      <span class=\"sr-only\">\n                        <svg viewBox=\"0 0 451.847 451.847\"><path d=\"M97.141,225.92c0-8.095,3.091-16.192,9.259-22.366L300.689,9.27c12.359-12.359,32.397-12.359,44.751,0\nc12.354,12.354,12.354,32.388,0,44.748L173.525,225.92l171.903,171.909c12.354,12.354,12.354,32.391,0,44.744\nc-12.354,12.365-32.386,12.365-44.745,0l-194.29-194.281C100.226,242.115,97.141,234.018,97.141,225.92z\"><\/path><\/svg>\n                      <\/span>\n                    <\/a>\n                    <a class=\"u-absolute-vcenter u-carousel-control u-carousel-control-next u-grey-70 u-icon-circle u-opacity u-opacity-70 u-spacing-10 u-text-white u-carousel-control-2\" href=\"#carousel-83c7\" role=\"button\" data-u-slide=\"next\">\n                      <span aria-hidden=\"true\">\n                        <svg viewBox=\"0 0 451.846 451.847\"><path d=\"M345.441,248.292L151.154,442.573c-12.359,12.365-32.397,12.365-44.75,0c-12.354-12.354-12.354-32.391,0-44.744\nL278.318,225.92L106.409,54.017c-12.354-12.359-12.354-32.394,0-44.748c12.354-12.359,32.391-12.359,44.75,0l194.287,194.284\nc6.177,6.18,9.262,14.271,9.262,22.366C354.708,234.018,351.617,242.115,345.441,248.292z\"><\/path><\/svg>\n                      <\/span>\n                      <span class=\"sr-only\">\n                        <svg viewBox=\"0 0 451.846 451.847\"><path d=\"M345.441,248.292L151.154,442.573c-12.359,12.365-32.397,12.365-44.75,0c-12.354-12.354-12.354-32.391,0-44.744\nL278.318,225.92L106.409,54.017c-12.354-12.359-12.354-32.394,0-44.748c12.354-12.359,32.391-12.359,44.75,0l194.287,194.284\nc6.177,6.18,9.262,14.271,9.262,22.366C354.708,234.018,351.617,242.115,345.441,248.292z\"><\/path><\/svg>\n                      <\/span>\n                    <\/a>\n                    <ol class=\"u-carousel-thumbnails u-spacing-10 u-vertical-spacing u-carousel-thumbnails-1\">\n                      <li class=\"u-active u-carousel-thumbnail u-carousel-thumbnail-1\" data-u-target=\"#carousel-83c7\" data-u-slide-to=\"0\">\n                        <img decoding=\"async\" class=\"u-carousel-thumbnail-image u-image\" src=\"https:\/\/www.percin.net.tr\/wp-content\/uploads\/2024\/04\/WhatsAppImage2024-04-03at10.55.15PM.jpeg\">\n                      <\/li>\n                      <li class=\"u-carousel-thumbnail u-carousel-thumbnail-2\" data-u-target=\"#carousel-83c7\" data-u-slide-to=\"1\">\n                        <img decoding=\"async\" class=\"u-carousel-thumbnail-image u-image\" src=\"https:\/\/www.percin.net.tr\/wp-content\/uploads\/2024\/04\/WhatsAppImage2024-04-03at10.55.16PM2.jpeg\">\n                      <\/li>\n                      <li class=\"u-carousel-thumbnail u-carousel-thumbnail-3\" data-u-target=\"#carousel-83c7\" data-u-slide-to=\"2\">\n                        <img decoding=\"async\" class=\"u-carousel-thumbnail-image u-image\" src=\"https:\/\/www.percin.net.tr\/wp-content\/uploads\/2024\/04\/WhatsAppImage2024-04-03at10.55.16PM1.jpeg\">\n                      <\/li>\n                      <li class=\"u-carousel-thumbnail u-carousel-thumbnail-4\" data-u-target=\"#carousel-83c7\" data-u-slide-to=\"3\">\n                        <img decoding=\"async\" class=\"u-carousel-thumbnail-image u-image\" src=\"https:\/\/www.percin.net.tr\/wp-content\/uploads\/2024\/04\/WhatsAppImage2024-04-03at10.55.16PM.jpeg\">\n                      <\/li>\n                    <\/ol>\n                  <\/div>\n                <\/div>\n              <\/div>\n              <div class=\"u-align-left-lg u-align-left-md u-align-left-sm u-align-left-xl u-container-style u-grey-5 u-layout-cell u-right-cell u-size-28 u-size-xs-60 u-layout-cell-2\">\n                <div class=\"u-container-layout u-valign-top-xs u-container-layout-2\">\n                  <h2 class=\"u-align-center-xs u-align-left-lg u-align-left-md u-align-left-sm u-align-left-xl u-text u-text-custom-color-3 u-text-default u-text-1\">Krom \u015eapkal\u0131 Per\u00e7in<\/h2>\n                  <p class=\"u-align-left u-text u-text-2\"> Malzeme : Al\u00fcminyum<\/p>\n                  <a href=\"https:\/\/www.percin.net.tr\/?page_id=135\" class=\"u-active-custom-color-3 u-border-2 u-border-active-grey-5 u-border-custom-color-3 u-border-hover-custom-color-3 u-btn u-btn-round u-button-style u-custom-color-3 u-hover-grey-10 u-radius u-text-active-white u-text-hover-custom-color-3 u-text-white u-btn-1\">teklif iste <\/a>\n                <\/div>\n              <\/div>\n            <\/div>\n          <\/div>\n        <\/div>\n      <\/div>\n    <\/section>\n    \n    \n    \n    \n  \n<\/div>","protected":false},"excerpt":{"rendered":"<p>Sample Title Sample Text Krom \u015eapkal\u0131 Per\u00e7in Malzeme : Al\u00fcminyum teklif iste<\/p>\n","protected":false},"author":2,"featured_media":0,"parent":0,"menu_order":0,"comment_status":"closed","ping_status":"closed","template":"","meta":{"footnotes":""},"class_list":["post-282","page","type-page","status-publish","hentry"],"_links":{"self":[{"href":"https:\/\/www.percin.net.tr\/index.php?rest_route=\/wp\/v2\/pages\/282","targetHints":{"allow":["GET"]}}],"collection":[{"href":"https:\/\/www.percin.net.tr\/index.php?rest_route=\/wp\/v2\/pages"}],"about":[{"href":"https:\/\/www.percin.net.tr\/index.php?rest_route=\/wp\/v2\/types\/page"}],"author":[{"embeddable":true,"href":"https:\/\/www.percin.net.tr\/index.php?rest_route=\/wp\/v2\/users\/2"}],"replies":[{"embeddable":true,"href":"https:\/\/www.percin.net.tr\/index.php?rest_route=%2Fwp%2Fv2%2Fcomments&post=282"}],"version-history":[{"count":5,"href":"https:\/\/www.percin.net.tr\/index.php?rest_route=\/wp\/v2\/pages\/282\/revisions"}],"predecessor-version":[{"id":428,"href":"https:\/\/www.percin.net.tr\/index.php?rest_route=\/wp\/v2\/pages\/282\/revisions\/428"}],"wp:attachment":[{"href":"https:\/\/www.percin.net.tr\/index.php?rest_route=%2Fwp%2Fv2%2Fmedia&parent=282"}],"curies":[{"name":"wp","href":"https:\/\/api.w.org\/{rel}","templated":true}]}}